{"id":42,"date":"2017-04-18T09:52:59","date_gmt":"2017-04-18T07:52:59","guid":{"rendered":"http:\/\/monsainta.fr\/?page_id=42"},"modified":"2017-04-18T09:52:59","modified_gmt":"2017-04-18T07:52:59","slug":"rendez-vous","status":"publish","type":"page","link":"https:\/\/monsainta.fr\/index.php\/rendez-vous\/","title":{"rendered":"rendez-vous"},"content":{"rendered":"\n                <div class='gf_browser_gecko gform_wrapper' id='gform_wrapper_1' ><form method='post' enctype='multipart\/form-data'  id='gform_1'  action='\/index.php\/wp-json\/wp\/v2\/pages\/42'>\n                        <div class='gform_heading'>\n                            <h3 class='gform_title'>Carte Nationale d'Identit\u00e9 (CNI) ou Passeport - Prise de Rendez-vous<\/h3>\n                            <span class='gform_description'><\/span>\n                        <\/div>\n                        <div class='gform_body'><ul id='gform_fields_1' class='gform_fields top_label form_sublabel_below description_below'><li id='field_1_2' class='gfield gfield_contains_required field_sublabel_below field_description_below gfield_visibility_visible' ><label class='gfield_label' for='input_1_2' >Carte nationale d&#039;identit\u00e9 - D\u00e9p\u00f4t sur rendez-vous<span class='gfield_required'>*<\/span><\/label><div class='ginput_container ginput_container_select'><select name='input_2' id='input_1_2'  class='medium gfield_select' tabindex='1'  aria-required=\"true\" aria-invalid=\"false\"><option value='0' >0<\/option><option value='1' >1<\/option><\/select><\/div><\/li><li id='field_1_3' class='gfield gfield_contains_required field_sublabel_below field_description_below gfield_visibility_visible' ><label class='gfield_label' for='input_1_3' >Passeport - D\u00e9p\u00f4t sur rendez-vous<span class='gfield_required'>*<\/span><\/label><div class='ginput_container ginput_container_select'><select name='input_3' id='input_1_3'  class='medium gfield_select' tabindex='2'  aria-required=\"true\" aria-invalid=\"false\"><option value='0' >0<\/option><option value='1' >1<\/option><\/select><\/div><\/li>\n                            <\/ul><\/div>\n        <div class='gform_footer top_label'> <input type='submit' id='gform_submit_button_1' class='gform_button button' value='Envoyer' tabindex='3' onclick='if(window[\"gf_submitting_1\"]){return false;}  window[\"gf_submitting_1\"]=true;  ' onkeypress='if( event.keyCode == 13 ){ if(window[\"gf_submitting_1\"]){return false;} window[\"gf_submitting_1\"]=true;  jQuery(\"#gform_1\").trigger(\"submit\",[true]); }' \/> \n            <input type='hidden' class='gform_hidden' name='is_submit_1' value='1' \/>\n            <input type='hidden' class='gform_hidden' name='gform_submit' value='1' \/>\n            \n            <input type='hidden' class='gform_hidden' name='gform_unique_id' value='' \/>\n            <input type='hidden' class='gform_hidden' name='state_1' value='WyJbXSIsIjQxNDYxZmQ1M2Q1N2YzZDlhNzkzNWVmODI1MjY3YmE2Il0=' \/>\n            <input type='hidden' class='gform_hidden' name='gform_target_page_number_1' id='gform_target_page_number_1' value='0' \/>\n            <input type='hidden' class='gform_hidden' name='gform_source_page_number_1' id='gform_source_page_number_1' value='1' \/>\n            <input type='hidden' name='gform_field_values' value='' \/>\n            \n        <\/div>\n                        <\/form>\n                        <\/div><script type='text\/javascript'> if(typeof gf_global == 'undefined') var gf_global = {\"gf_currency_config\":{\"name\":\"Euro\",\"symbol_left\":\"\",\"symbol_right\":\"&#8364;\",\"symbol_padding\":\" \",\"thousand_separator\":\".\",\"decimal_separator\":\",\",\"decimals\":2},\"base_url\":\"https:\\\/\\\/monsainta.fr\\\/wp-content\\\/plugins\\\/gravityforms\",\"number_formats\":[],\"spinnerUrl\":\"https:\\\/\\\/monsainta.fr\\\/wp-content\\\/plugins\\\/gravityforms\\\/images\\\/spinner.gif\"};jQuery(document).bind('gform_post_render', function(event, formId, currentPage){if(formId == 1) {gformInitChosenFields('#input_1_2,#input_1_3','Aucun r\u00e9sultat correspondant');} } );jQuery(document).bind('gform_post_conditional_logic', function(event, formId, fields, isInit){gformInitChosenFields('#input_1_2,#input_1_3','Aucun r\u00e9sultat correspondant');} );<\/script><script type='text\/javascript'> jQuery(document).ready(function(){jQuery(document).trigger('gform_post_render', [1, 1]) } ); <\/script>\n","protected":false},"excerpt":{"rendered":"","protected":false},"author":1,"featured_media":0,"parent":0,"menu_order":0,"comment_status":"closed","ping_status":"closed","template":"","meta":[],"_links":{"self":[{"href":"https:\/\/monsainta.fr\/index.php\/wp-json\/wp\/v2\/pages\/42"}],"collection":[{"href":"https:\/\/monsainta.fr\/index.php\/wp-json\/wp\/v2\/pages"}],"about":[{"href":"https:\/\/monsainta.fr\/index.php\/wp-json\/wp\/v2\/types\/page"}],"author":[{"embeddable":true,"href":"https:\/\/monsainta.fr\/index.php\/wp-json\/wp\/v2\/users\/1"}],"replies":[{"embeddable":true,"href":"https:\/\/monsainta.fr\/index.php\/wp-json\/wp\/v2\/comments?post=42"}],"version-history":[{"count":1,"href":"https:\/\/monsainta.fr\/index.php\/wp-json\/wp\/v2\/pages\/42\/revisions"}],"predecessor-version":[{"id":43,"href":"https:\/\/monsainta.fr\/index.php\/wp-json\/wp\/v2\/pages\/42\/revisions\/43"}],"wp:attachment":[{"href":"https:\/\/monsainta.fr\/index.php\/wp-json\/wp\/v2\/media?parent=42"}],"curies":[{"name":"wp","href":"https:\/\/api.w.org\/{rel}","templated":true}]}}